{"id":2659,"date":"2020-10-24T22:17:29","date_gmt":"2020-10-24T21:17:29","guid":{"rendered":"https:\/\/www.dftechnosolutions.com\/service\/tecno-amigo-plantilla-renovacion-dominio\/"},"modified":"2020-10-31T11:19:06","modified_gmt":"2020-10-31T11:19:06","slug":"plantilla-tecnoamigo-suscripcion-dominio","status":"publish","type":"product","link":"https:\/\/www.dftechnosolutions.com\/es\/servicio\/plantilla-tecnoamigo-suscripcion-dominio\/","title":{"rendered":"Plantilla TecnoAmigo Suscripci\u00f3n Dominio"},"content":{"rendered":"\n<p>&nbsp;<\/p>\n<h3 style=\"text-align: justify;\">Plantilla <span class=\"tagify__input\" role=\"textbox\" contenteditable=\"\" data-placeholder=\"Example: Rank Math SEO\" aria-placeholder=\"Example: Rank Math SEO\" aria-multiline=\"false\">TecnoAmigo<\/span> Suscripci\u00f3n Dominio<\/h3>\n<p>Suscripci\u00f3n de dominio de un a\u00f1o por plantillas de sitios web Tecno Amigo.<\/p>\n<p>&nbsp;<\/p>\n<h3>Descripci\u00f3n del servicio<\/h3>\n<p>Este servicio incluir\u00e1 las siguientes caracter\u00edsticas t\u00e9cnicas:<\/p>\n<ul>\n<li>Suscripci\u00f3n de dominio para un sitio, por un valor de 14 \u20ac (IVA incluido).<\/li>\n<\/ul>\n<h3>Informaci\u00f3n Adicional<\/h3>\n<p>Si necesita un paquete personalizado o necesita servicios adicionales, <a href=\"https:\/\/www.dftechnosolutions.com\/contact-us\/\" target=\"_blank\" rel=\"noopener noreferrer\">\u00a1h\u00e1ganoslo saber<\/a>!<\/p>\n<p>&nbsp;<\/p>\n","protected":false},"excerpt":{"rendered":"<p>Suscripci\u00f3n de dominio de un a\u00f1o por plantillas de sitios web <span class=\"tagify__input\" role=\"textbox\" contenteditable=\"\" data-placeholder=\"Example: Rank Math SEO\" aria-placeholder=\"Example: Rank Math SEO\" aria-multiline=\"false\">TecnoAmigo<\/span>.<\/p>\n","protected":false},"featured_media":2652,"template":"","meta":{"_genesis_hide_title":false,"_genesis_hide_breadcrumbs":false,"_genesis_hide_singular_image":false,"_genesis_hide_footer_widgets":false,"_genesis_custom_body_class":"","_genesis_custom_post_class":"","_genesis_layout":"full-width-content"},"product_cat":[101],"product_tag":[170,168],"group_of_quantity":0,"min_quantity":1,"max_quantity":1,"exclude_order_quantity_value_rules":"no","exclude_category_quantity_rules":"no","combine_variations":"no","_links":{"self":[{"href":"https:\/\/www.dftechnosolutions.com\/es\/wp-json\/wp\/v2\/product\/2659"}],"collection":[{"href":"https:\/\/www.dftechnosolutions.com\/es\/wp-json\/wp\/v2\/product"}],"about":[{"href":"https:\/\/www.dftechnosolutions.com\/es\/wp-json\/wp\/v2\/types\/product"}],"wp:featuredmedia":[{"embeddable":true,"href":"https:\/\/www.dftechnosolutions.com\/es\/wp-json\/wp\/v2\/media\/2652"}],"wp:attachment":[{"href":"https:\/\/www.dftechnosolutions.com\/es\/wp-json\/wp\/v2\/media?parent=2659"}],"wp:term":[{"taxonomy":"product_cat","embeddable":true,"href":"https:\/\/www.dftechnosolutions.com\/es\/wp-json\/wp\/v2\/product_cat?post=2659"},{"taxonomy":"product_tag","embeddable":true,"href":"https:\/\/www.dftechnosolutions.com\/es\/wp-json\/wp\/v2\/product_tag?post=2659"}],"curies":[{"name":"wp","href":"https:\/\/api.w.org\/{rel}","templated":true}]}}