{"id":2674,"date":"2020-10-24T17:45:33","date_gmt":"2020-10-24T16:45:33","guid":{"rendered":"https:\/\/www.dftechnosolutions.com\/service\/sitio-web-vacio-de-tecnoamigo\/"},"modified":"2020-10-31T11:30:12","modified_gmt":"2020-10-31T11:30:12","slug":"sitio-web-vacio-de-tecnoamigo","status":"publish","type":"product","link":"https:\/\/www.dftechnosolutions.com\/es\/servicio\/sitio-web-vacio-de-tecnoamigo\/","title":{"rendered":"Sitio web vac\u00edo de TecnoAmigo"},"content":{"rendered":"\n<p>&nbsp;<\/p>\n<h3 style=\"text-align: justify;\">Sitio web vac\u00edo de TecnoAmigo<\/h3>\n<p>Disfruta el primer sistema de gesti\u00f3n de contenido del mundo: WordPress, \u00a1sin las molestias habituales y las tareas que consumen mucho tiempo asociadas a \u00e9l!<\/p>\n<p style=\"text-align: justify;\">Los sitios web de TecnoAmigo tienen un alto rendimiento. Son r\u00e1pidos de personalizar y f\u00e1ciles de usar. Cuando se configuran correctamente, los sitios web de TecnoAmigo se posicionan muy bien en Google.<\/p>\n<p>&nbsp;<\/p>\n<h3>Descripci\u00f3n del servicio<\/h3>\n<p>Este servicio incluye las siguientes caracter\u00edsticas t\u00e9cnicas:<\/p>\n<ul>\n<li>Una plantilla de sitio web vac\u00eda, lista para personalizar;<\/li>\n<li>Creador de p\u00e1ginas Elementor;<\/li>\n<li>Varias p\u00e1ginas prefabricadas: Inicio, Sobre Nosotros, Cont\u00e1ctenos, Consentimiento de cookies, Pol\u00edtica de privacidad <span style=\"color: #ff0000;\"><sup>(*)<\/sup><\/span>, T\u00e9rminos y Condiciones;<\/li>\n<li>Un a\u00f1o de registro de nombre de dominio prepago, por valor de 10-15 \u20ac. Despu\u00e9s de un a\u00f1o tendr\u00e1s que renovar el registro.<\/li>\n<li>Suscripci\u00f3n al servicio de hosting prepago de medio a\u00f1o (26 semanas), por valor de 42 \u20ac. Despu\u00e9s de medio a\u00f1o tendr\u00e1s que empezar a pagar el hosting, a raz\u00f3n de 7 \u20ac al mes.<\/li>\n<li>Complemento de gesti\u00f3n antispam.<\/li>\n<li>Complemento de SEO Yoast de fama mundial.<\/li>\n<\/ul>\n<h3>Informaci\u00f3n Adicional<\/h3>\n<p>Si necesita un paquete personalizado o necesita servicios adicionales, <a href=\"https:\/\/www.dftechnosolutions.com\/contact-us\/\" target=\"_blank\" rel=\"noopener noreferrer\">\u00a1h\u00e1ganoslo saber!<\/a><\/p>\n<p><span style=\"color: #ff0000;\"><sup>(*)<\/sup><\/span> Debido al precio integral de este servicio, no podemos proporcionar un estudio y materiales de GDPR en profundidad y legalmente vinculantes. <a href=\"https:\/\/www.dftechnosolutions.com\/contact-us\/\" target=\"_blank\" rel=\"noopener noreferrer\">H\u00e1ganos saber<\/a> si deseas una p\u00e1gina de GDPR examinada por un <a href=\"https:\/\/edps.europa.eu\/data-protection\/data-protection\/reference-library\/data-protection-officer-dpo_en\" target=\"_blank\" rel=\"noopener noreferrer\">Delegado de protecci\u00f3n de datos<\/a> oficial, documentaci\u00f3n adicional o incluso un an\u00e1lisis completo de cumplimiento de GDPR de tu oficina.<\/p>\n<p>&nbsp;<\/p>\n","protected":false},"excerpt":{"rendered":"<p>Disfruta el primer sistema de gesti\u00f3n de contenido del mundo: WordPress, \u00a1sin las molestias habituales y las tareas que consumen mucho tiempo asociadas a \u00e9l!<\/p>\n","protected":false},"featured_media":2648,"template":"","meta":{"_genesis_hide_title":false,"_genesis_hide_breadcrumbs":false,"_genesis_hide_singular_image":false,"_genesis_hide_footer_widgets":false,"_genesis_custom_body_class":"","_genesis_custom_post_class":"","_genesis_layout":"full-width-content"},"product_cat":[101],"product_tag":[170,168],"group_of_quantity":0,"min_quantity":0,"max_quantity":"","exclude_order_quantity_value_rules":"no","exclude_category_quantity_rules":"no","combine_variations":"no","_links":{"self":[{"href":"https:\/\/www.dftechnosolutions.com\/es\/wp-json\/wp\/v2\/product\/2674"}],"collection":[{"href":"https:\/\/www.dftechnosolutions.com\/es\/wp-json\/wp\/v2\/product"}],"about":[{"href":"https:\/\/www.dftechnosolutions.com\/es\/wp-json\/wp\/v2\/types\/product"}],"wp:featuredmedia":[{"embeddable":true,"href":"https:\/\/www.dftechnosolutions.com\/es\/wp-json\/wp\/v2\/media\/2648"}],"wp:attachment":[{"href":"https:\/\/www.dftechnosolutions.com\/es\/wp-json\/wp\/v2\/media?parent=2674"}],"wp:term":[{"taxonomy":"product_cat","embeddable":true,"href":"https:\/\/www.dftechnosolutions.com\/es\/wp-json\/wp\/v2\/product_cat?post=2674"},{"taxonomy":"product_tag","embeddable":true,"href":"https:\/\/www.dftechnosolutions.com\/es\/wp-json\/wp\/v2\/product_tag?post=2674"}],"curies":[{"name":"wp","href":"https:\/\/api.w.org\/{rel}","templated":true}]}}