{"id":2680,"date":"2020-10-24T21:26:34","date_gmt":"2020-10-31T10:50:55","guid":{"rendered":"https:\/\/www.dftechnosolutions.com\/?post_type=product&#038;p=2680"},"modified":"2020-10-31T11:11:06","modified_gmt":"2020-10-31T11:11:06","slug":"suscripcion-mensual-plantilla-tecnoamigo","status":"publish","type":"product","link":"https:\/\/www.dftechnosolutions.com\/es\/servicio\/suscripcion-mensual-plantilla-tecnoamigo\/","title":{"rendered":"Suscripci\u00f3n mensual a una plantilla TecnoAmigo"},"content":{"rendered":"\n<p>&nbsp;<\/p>\n<h3 style=\"text-align: justify;\">Suscripci\u00f3n mensual a una plantilla TecnoAmigo<\/h3>\n<p>Suscripci\u00f3n mensual a una plantilla de sitio web TecnoAmigo.<\/p>\n<p>&nbsp;<\/p>\n<h3>Descripci\u00f3n del servicio<\/h3>\n<p>Este servicio incluir\u00e1 las siguientes caracter\u00edsticas t\u00e9cnicas:<\/p>\n<ul>\n<li>Suscripci\u00f3n al servicio de hosting prepago medio a\u00f1o (26 semanas), por valor de 42 \u20ac. Despu\u00e9s de medio a\u00f1o tendr\u00e1s que empezar a pagar el hosting, a raz\u00f3n de 7 \u20ac al mes.<\/li>\n<\/ul>\n<h3>Informaci\u00f3n Adicional<\/h3>\n<p>Si necesita un paquete personalizado o necesita servicios adicionales, <a href=\"https:\/\/www.dftechnosolutions.com\/contact-us\/\" target=\"_blank\" rel=\"noopener noreferrer\">\u00a1h\u00e1ganoslo saber!<\/a><\/p>\n","protected":false},"excerpt":{"rendered":"<p>Suscripci\u00f3n mensual a una plantilla de sitio web TecnoAmigo.<\/p>\n","protected":false},"featured_media":2645,"template":"","meta":{"_genesis_hide_title":false,"_genesis_hide_breadcrumbs":false,"_genesis_hide_singular_image":false,"_genesis_hide_footer_widgets":false,"_genesis_custom_body_class":"","_genesis_custom_post_class":"","_genesis_layout":"full-width-content"},"product_cat":[101],"product_tag":[170,168],"group_of_quantity":0,"min_quantity":1,"max_quantity":1,"exclude_order_quantity_value_rules":"no","exclude_category_quantity_rules":"no","combine_variations":"no","_links":{"self":[{"href":"https:\/\/www.dftechnosolutions.com\/es\/wp-json\/wp\/v2\/product\/2680"}],"collection":[{"href":"https:\/\/www.dftechnosolutions.com\/es\/wp-json\/wp\/v2\/product"}],"about":[{"href":"https:\/\/www.dftechnosolutions.com\/es\/wp-json\/wp\/v2\/types\/product"}],"wp:featuredmedia":[{"embeddable":true,"href":"https:\/\/www.dftechnosolutions.com\/es\/wp-json\/wp\/v2\/media\/2645"}],"wp:attachment":[{"href":"https:\/\/www.dftechnosolutions.com\/es\/wp-json\/wp\/v2\/media?parent=2680"}],"wp:term":[{"taxonomy":"product_cat","embeddable":true,"href":"https:\/\/www.dftechnosolutions.com\/es\/wp-json\/wp\/v2\/product_cat?post=2680"},{"taxonomy":"product_tag","embeddable":true,"href":"https:\/\/www.dftechnosolutions.com\/es\/wp-json\/wp\/v2\/product_tag?post=2680"}],"curies":[{"name":"wp","href":"https:\/\/api.w.org\/{rel}","templated":true}]}}