{"id":2538,"date":"2020-08-07T21:41:00","date_gmt":"2020-08-07T20:41:00","guid":{"rendered":"https:\/\/www.dftechnosolutions.com\/termini-e-condizioni-duso\/"},"modified":"2020-08-07T21:41:00","modified_gmt":"2020-08-07T20:41:00","slug":"termini-e-condizioni-duso","status":"publish","type":"page","link":"https:\/\/www.dftechnosolutions.com\/it\/termini-e-condizioni-duso\/","title":{"rendered":"Termini e condizioni d&#8217;uso"},"content":{"rendered":"<p><strong>Data: 10 settembre 2018<\/strong><\/p>\n<p>[Toc]<\/p>\n<h2>Panoramica<\/h2>\n<p>I seguenti sono i termini di un contratto tra te e DF Techno Solutions. Accedendo o utilizzando questo sito Web, l&#8217;utente riconosce di aver letto, compreso e accettato di essere vincolato da questi termini e di rispettare tutte le leggi e i regolamenti applicabili, comprese le leggi e i regolamenti sul controllo dell&#8217;esportazione e della riesportazione. Se non si accettano questi termini, non utilizzare questo sito Web.<\/p>\n<p>DF Techno Solutions pu\u00f2, senza preavviso, in qualsiasi momento, rivedere i presenti Termini di utilizzo e qualsiasi altra informazione contenuta in questo sito Web. DF Techno Solutions pu\u00f2 anche apportare miglioramenti o modifiche ai prodotti, servizi o programmi descritti in questo sito in qualsiasi momento, senza preavviso.<\/p>\n<p>I minori o le persone di et\u00e0 inferiore a 18 anni non sono autorizzati a utilizzare questo sito Web senza la supervisione dei genitori.<\/p>\n<h3 class=\"DF TechnoSolutions-bold\">General<\/h3>\n<p>Questo sito Web contiene dichiarazioni di propriet\u00e0 e informazioni sul copyright, i cui termini devono essere osservati e seguiti.<\/p>\n<p>DF Techno Solutions ti concede un&#8217;autorizzazione non esclusiva, non trasferibile e limitata per accedere e visualizzare le pagine Web all&#8217;interno di questo sito come cliente o potenziale cliente di DF Techno Solutions, a condizione che tu rispetti queste Condizioni d&#8217;uso e tutti i diritti d&#8217;autore e che marchi e altre dichiarazioni di propriet\u00e0 rimangano intatte. \u00c8 possibile utilizzare un crawler per eseguire la scansione di questo sito Web solo come consentito dal protocollo robots.txt di questo sito Web e DF Techno Solutions pu\u00f2 bloccare qualsiasi crawler a sua esclusiva discrezione. L&#8217;utilizzo autorizzato in base a questo accordo \u00e8 di natura non commerciale (ad esempio, non \u00e8 possibile vendere il contenuto a cui si accede su o tramite questo sito Web.) Qualsiasi altro utilizzo di questo sito \u00e8 vietato.<\/p>\n<p>Fatta eccezione per l&#8217;autorizzazione limitata riportata nel paragrafo precedente, DF Techno Solutions non concede alcun diritto o licenza esplicita o implicita in base a brevetti, marchi, diritti d&#8217;autore o altri diritti di propriet\u00e0 intellettuale o di propriet\u00e0. Non puoi eseguire il mirroring o copia dei contenuti di questo sito su un altro sito Web o su qualsiasi altro supporto. Qualsiasi software e altro materiale reso disponibile per il download, l&#8217;accesso o altri usi da questo sito con i propri termini di licenza saranno regolati da tali termini, condizioni e comunicazioni. Il mancato rispetto di tali termini o di uno qualsiasi dei termini di questo sito comporter\u00e0 la cessazione automatica di qualsiasi diritto concesso all&#8217;utente, senza preavviso, e l&#8217;utente dovr\u00e0 immediatamente distruggere tutte le copie dei materiali scaricati in suo possesso, custodia o controllo.<\/p>\n<p>Alcune aree di questo sito Web sono limitate dall&#8217;accesso da parte dell&#8217;utente e DF Techno Solutions pu\u00f2 limitare ulteriormente l&#8217;accesso dell&#8217;utente a qualsiasi area di questo sito Web, in qualsiasi momento, con assoluta discrezione. Qualsiasi ID utente e password che potresti avere per questo sito Web sono riservati e devi mantenerne la riservatezza.<\/p>\n<h3>Declinazione di responsabilit\u00e0<\/h3>\n<p>In alcuni casi, questo sito Web pu\u00f2 contenere imprecisioni tecniche o errori tipografici e non garantiamo l&#8217;accuratezza delle informazioni pubblicate. Assicurati di utilizzare le pagine pi\u00f9 aggiornate di questo sito Web e controlla l&#8217;accuratezza e la completezza delle informazioni prima di utilizzarle per prendere decisioni relative a servizi, prodotti o altre questioni descritte in questo sito Web.<\/p>\n<p>Se un&#8217;autorit\u00e0 giudiziaria competente ritenesse inapplicabile qualsiasi termine delle presenti Condizioni d&#8217;uso, la validit\u00e0 del resto delle presenti Condizioni d&#8217;uso non sar\u00e0 inficiata, a condizione che tale inapplicabilit\u00e0 non pregiudichi materialmente i diritti delle parti ai sensi dei presenti Termini d&#8217;Uso.<\/p>\n<h3>Informazioni confidenziali<\/h3>\n<p>DF Techno Solutions non desidera ricevere informazioni riservate o proprietarie da te tramite il nostro sito Web. Si prega di notare che qualsiasi informazione o materiale inviato a DF Techno Solutions NON sar\u00e0 considerato riservato. Inviando a DF Techno Solutions qualsiasi informazione o materiale, concedi a DF Techno Solutions una licenza illimitata e irrevocabile per copiare, riprodurre, pubblicare, caricare, pubblicare, trasmettere, distribuire, mostrare pubblicamente, eseguire, modificare, creare opere derivate da e in altro modo liberamente uso, quei materiali o informazioni. Accetti inoltre che DF Techno Solutions sia libera di utilizzare idee, concetti, know-how o tecniche che ci invii per qualsiasi scopo. Tuttavia, non rilasceremo il tuo nome o non pubblicheremo in altro modo il fatto che ci hai inviato materiali o altre informazioni a meno che: (a) non otteniamo il tuo permesso di utilizzare il tuo nome; o (b) ti informiamo prima che i materiali o altre informazioni che invii a una particolare parte di questo sito saranno pubblicati o altrimenti utilizzati con il tuo nome su di esso; o (c) siamo tenuti a farlo per legge. Le informazioni di identificazione personale inviate a DF Techno Solutions allo scopo di ricevere prodotti o servizi verranno gestite in conformit\u00e0 con le nostre politiche sulla privacy. Consulta la pagina intitolata &#8220;Informativa sulla privacy&#8221; per informazioni sulle norme sulla privacy di DF Techno Solutions.<\/p>\n<h3>Disponibilit\u00e0 globale<\/h3>\n<p>Le informazioni che DF Techno Solutions pubblica su Internet possono contenere riferimenti o riferimenti incrociati a prodotti, programmi e servizi di DF Techno Solutions non annunciati o non disponibili nel proprio Paese. Tali riferimenti non implicano che DF Techno Solutions intenda annunciare o rendere disponibili tali prodotti, programmi o servizi nel tuo paese. Consulta il tuo rappresentante DF Techno Solutions locale per informazioni sui prodotti, programmi e servizi che potrebbero essere disponibili.<\/p>\n<h3>Rapporti d&#8217;affari<\/h3>\n<p>Questo sito Web pu\u00f2 fornire collegamenti o riferimenti a siti e risorse Web non di propriet\u00e0 di DF Techno Solutions. DF Techno Solutions non rilascia dichiarazioni, garanzie o altri impegni o approvazioni di alcun tipo su siti Web non DF Techno Solutions o risorse di terze parti a cui si pu\u00f2 fare riferimento, accesso o collegamento a qualsiasi sito DF Techno Solutions. Inoltre, DF Techno Solutions non \u00e8 una parte n\u00e9 \u00e8 responsabile per le transazioni che l&#8217;utente pu\u00f2 effettuare con terze parti, anche se viene a conoscenza di tali parti (o utilizza un collegamento a tali parti) da un sito DF Techno Solutions. Quando si accede a un sito Web non DF Techno Solutions, anche a uno che pu\u00f2 contenere il logo DF Techno Solutions, si prega di comprendere che \u00e8 indipendente da DF Techno Solutions e che DF Techno Solutions non controlla il contenuto di quel sito Web. Spetta a voi prendere precauzioni per proteggervi da virus, worm, cavalli di Troia e altri programmi potenzialmente distruttivi e per proteggere le vostre informazioni.<\/p>\n<h3>Collegamenti a questo sito<\/h3>\n<p>DF Techno Solutions acconsente solo ai collegamenti a questo sito Web in cui il collegamento e le pagine attivate dal collegamento non: (a) creano frame attorno a qualsiasi pagina di questo sito Web o utilizzano altre tecniche che alterano in alcun modo l&#8217;aspetto visivo presentazione o aspetto di qualsiasi contenuto all&#8217;interno di questo sito; (b) travisano il proprio rapporto con DF Techno Solutions; (c) implicano che DF Techno Solutions approva o approva te, il tuo sito Web o le tue offerte di prodotti o servizi; e (d) presentano impressioni false o fuorvianti su DF Techno Solutions o altrimenti danneggiano il decoro associato al nome o ai marchi di DF Techno Solutions. Come ulteriore condizione per essere autorizzati a collegarsi a questo sito, l&#8217;utente accetta che DF Techno Solutions possa in qualsiasi momento, a sua esclusiva discrezione, revocare l&#8217;autorizzazione al collegamento a questo sito Web. In tal caso, l&#8217;utente accetta di rimuovere immediatamente tutti i collegamenti a questo sito Web e di cessare qualsiasi utilizzo correlato dei marchi di DF Techno Solutions.<\/p>\n<h2>Termini del negozio online<\/h2>\n<p>Accettando questi Termini di servizio, dichiari di avere almeno la maggiore et\u00e0 nel tuo stato o di avere la maggiore et\u00e0 in Italia e ci hai dato il tuo consenso per consentire a qualsiasi tuo minore a carico di utilizzare questo sito. Non \u00e8 possibile utilizzare i nostri prodotti per scopi illegali o non autorizzati n\u00e9, nell&#8217;uso del Servizio, violare alcuna legge nella propria giurisdizione (incluse ma non limitate alle leggi sul copyright). \u00c8 proibito trasmettere alcun worm o virus o codice di natura distruttiva. Una inosservanza o violazione di uno qualsiasi dei Termini comporter\u00e0 la risoluzione immediata dei Servizi.<\/p>\n<h3>Modifiche al servizio e ai prezzi<\/h3>\n<p>I prezzi dei nostri prodotti sono soggetti a modifiche senza preavviso. Ci riserviamo il diritto in qualsiasi momento di modificare o interrompere il Servizio (o qualsiasi parte o contenuto dello stesso) senza preavviso. Non saremo responsabili nei vostri confronti o nei confronti di terzi per eventuali modifiche, variazioni di prezzo, sospensione o interruzione del Servizio.<\/p>\n<h3>Prodotti o servizi<\/h3>\n<p>Alcuni prodotti o servizi possono essere disponibili esclusivamente online tramite il sito web. Questi prodotti o servizi possono avere quantit\u00e0 limitate e sono soggetti a restituzione o sostituzione solo in base alla nostra Politica di Restituzione. Abbiamo fatto ogni sforzo per visualizzare nel modo pi\u00f9 accurato possibile i colori e le immagini dei nostri prodotti che appaiono nel negozio. Non possiamo garantire che la visualizzazione di qualsiasi colore sul monitor del tuo computer sia accurata. Ci riserviamo il diritto di, ma non siamo obbligati a, limitare le vendite dei nostri prodotti o servizi a qualsiasi persona, regione geografica o giurisdizione. Possiamo esercitare questo diritto caso per caso. Ci riserviamo il diritto di limitare le quantit\u00e0 di qualsiasi prodotto o servizio che offriamo. Tutte le descrizioni dei prodotti o i prezzi dei prodotti sono soggetti a modifiche in qualsiasi momento senza preavviso, a nostra esclusiva discrezione. Ci riserviamo il diritto di interrompere la produzione di qualsiasi prodotto in qualsiasi momento. Qualsiasi offerta per qualsiasi prodotto o servizio fatto su questo sito \u00e8 nulla dove proibito. Non garantiamo che la qualit\u00e0 di prodotti, servizi, informazioni o altro materiale da voi acquistato o ottenuto soddisfer\u00e0 le vostre aspettative o che eventuali errori nel Servizio verranno corretti.<\/p>\n<h3>Precisione della fatturazione e informazioni sull&#8217;account<\/h3>\n<p>Ci riserviamo il diritto di rifiutare qualsiasi ordine effettuato con noi. Possiamo, a nostra esclusiva discrezione, limitare o annullare le quantit\u00e0 acquistate per persona, per famiglia o per ordine. Queste restrizioni possono includere ordini effettuati dallo stesso account cliente, sulla stessa carta di credito e \/ o ordini che utilizzano lo stesso indirizzo di fatturazione e \/ o spedizione. Nel caso in cui apportiamo una modifica o annulliamo un ordine, potremmo tentare di avvisarti contattando l&#8217;e-mail e \/ o l&#8217;indirizzo di fatturazione \/ numero di telefono fornito al momento dell&#8217;ordine. Ci riserviamo il diritto di limitare o vietare ordini che, a nostro insindacabile giudizio, sembrano essere collocati da intermediari, rivenditori o distributori. Accetti di fornire informazioni sull&#8217;acquisto e sull&#8217;account correnti, complete e accurate per tutti gli acquisti effettuati nel nostro negozio. Accetti di aggiornare tempestivamente il tuo account e altre informazioni, inclusi il tuo indirizzo e-mail, i numeri di carta di credito e le date di scadenza, in modo che possiamo completare le tue transazioni e contattarti se necessario. Per maggiori dettagli, consulta la nostra Politica sui resi.<\/p>\n<h2>Disclaimer, limitazioni, leggi vigenti<\/h2>\n<h3>ESCLUSIONE DI GARANZIA<\/h3>\n<p>L&#8217;USO DI QUESTO SITO \u00c8 INTERAMENTE A TUO RISCHIO. TUTTI I MATERIALI, LE INFORMAZIONI, I PRODOTTI, IL SOFTWARE, I PROGRAMMI E I SERVIZI VENGONO FORNITI &#8220;COS\u00cc COME SONO&#8221;, SENZA ALCUNA GARANZIA O ASSICURAZIONE. DF Techno Solutions NON RICONOSCE ESPRESSAMENTE NELLA MISURA MASSIMA CONSENTITA DALLA LEGGE TUTTE LE GARANZIE, ASSICURAZIONI O DICHIARAZIONI ESPLICITE, IMPLICITE, LEGALI E DI ALTRO TIPO, INCLUSE, SENZA LIMITAZIONE, LE GARANZIE DI COMMERCIABILIT\u00c0, IDONEIT\u00c0 A UNO SCOPO PARTICOLARE E DI NON PROPRIET\u00c0 E DIRITTI DI PROPRIET\u00c0 INTELLETTUALE. SENZA LIMITAZIONE, DF Techno Solutions NON FORNISCE ALCUNA GARANZIA O GARANZIA CHE QUESTO SITO WEB SAR\u00c0 PUNTUALE, SICURO, PRIVO DI ERRORI O DI FUNZIONAMENTO ININTERROTTO.<\/p>\n<p>L&#8217;UTENTE RICONOSCE E ACCETTA CHE SE SCARICA O OTTIENE IN ALTRO MODO MATERIALI, INFORMAZIONI, PRODOTTI, SOFTWARE, PROGRAMMI O SERVIZI DA QUESTO SITO WEB, LO FA A PROPRIA DISCREZIONE E RISCHIO E CHE SAR\u00c0 L&#8217;UNICO RESPONSABILE PER QUALSIASI DANNO CHE POTREBBE RISULTARE , COMPRESA LA PERDITA DI DATI O DANNI AL SISTEMA DEL COMPUTER. ALCUNE GIURISDIZIONI NON CONSENTONO L&#8217;ESCLUSIONE DI GARANZIE, PERTANTO LE ESCLUSIONI DI CUI SOPRA POTREBBERO NON ESSERE APPLICABILI.<\/p>\n<h3>LIMITAZIONE DI RESPONSABILIT\u00c0<\/h3>\n<p>NELLA MISURA MASSIMA CONSENTITA DALLA LEGGE VIGENTE, IN NESSUN CASO DF Techno Solutions SAR\u00c0 RESPONSABILE NEI CONFRONTI DI ALCUNA PARTE PER QUALSIASI DANNO DIRETTO, INDIRETTO, INCIDENTALE, SPECIALE, ESEMPLIFICATIVO O CONSEGUENTE DI QUALSIASI TIPO, RELATIVO O DERIVANTE DA QUESTO SITO WEB O DA QUALSIASI UTILIZZO DI QUESTO SITO WEB, O DI QUALSIASI SITO O RISORSA COLLEGATA A QUESTO SITO, O A CUI SI RIFERISCE O A CUI SI ACCEDE TRAMITE QUESTO SITO WEB, O PER L&#8217;USO O IL DOWNLOAD O L&#8217;ACCESSO A QUALSIASI MATERIALE, INFORMAZIONE, PRODOTTO O SERVIZIO, INCLUSI, SENZA LIMITAZIONE, QUALSIASI PERDITA DI PROFITTI, INTERRUZIONE COMMERCIALE, PERDITA DI RISPARMI O PERDITA DI PROGRAMMI O ALTRI DATI, ANCHE SE DF Techno Solutions VENISSE ESPRESSAMENTE INFORMATA DELLA POSSIBILIT\u00c0 DI TALI DANNI. QUESTA ESCLUSIONE E RINUNCIA DI RESPONSABILIT\u00c0 SI APPLICA A TUTTE LE CAUSE DI AZIONE, SIA BASATE SU CONTRATTO, GARANZIA, TORTO O QUALSIASI ALTRA TEORIA LEGALE.<\/p>\n<h3>Invalidit\u00e0<\/h3>\n<p>Se una qualsiasi disposizione dei presenti Termini \u00e8 ritenuta non valida ai sensi di qualsiasi legge applicabile, tali disposizioni saranno eliminate senza influire sulle restanti disposizioni del presente documento.<\/p>\n<h3>Legge applicabile e giurisdizione<\/h3>\n<p>I presenti Termini saranno regolati e interpretati in conformit\u00e0 con le leggi dello Stato di Spagna e l&#8217;utente si sottomette alla giurisdizione non esclusiva del Tribunale di Santa Cruz de Tenerife, con sede in Spagna, per la risoluzione di eventuali controversie.<\/p>\n","protected":false},"excerpt":{"rendered":"<p>Data: 10 settembre 2018 [Toc] Panoramica I seguenti sono i termini di un contratto tra te e DF Techno Solutions. Accedendo o utilizzando questo sito Web, l&#8217;utente riconosce di aver letto, compreso e accettato di essere vincolato da questi termini e di rispettare tutte le leggi e i regolamenti applicabili, comprese le leggi e i [&hellip;]<\/p>\n","protected":false},"author":1,"featured_media":0,"parent":0,"menu_order":0,"comment_status":"closed","ping_status":"closed","template":"","meta":{"_genesis_hide_title":false,"_genesis_hide_breadcrumbs":false,"_genesis_hide_singular_image":false,"_genesis_hide_footer_widgets":false,"_genesis_custom_body_class":"","_genesis_custom_post_class":"","_genesis_layout":"full-width-content","footnotes":""},"_links":{"self":[{"href":"https:\/\/www.dftechnosolutions.com\/it\/wp-json\/wp\/v2\/pages\/2538"}],"collection":[{"href":"https:\/\/www.dftechnosolutions.com\/it\/wp-json\/wp\/v2\/pages"}],"about":[{"href":"https:\/\/www.dftechnosolutions.com\/it\/wp-json\/wp\/v2\/types\/page"}],"author":[{"embeddable":true,"href":"https:\/\/www.dftechnosolutions.com\/it\/wp-json\/wp\/v2\/users\/1"}],"replies":[{"embeddable":true,"href":"https:\/\/www.dftechnosolutions.com\/it\/wp-json\/wp\/v2\/comments?post=2538"}],"version-history":[{"count":0,"href":"https:\/\/www.dftechnosolutions.com\/it\/wp-json\/wp\/v2\/pages\/2538\/revisions"}],"wp:attachment":[{"href":"https:\/\/www.dftechnosolutions.com\/it\/wp-json\/wp\/v2\/media?parent=2538"}],"curies":[{"name":"wp","href":"https:\/\/api.w.org\/{rel}","templated":true}]}}