{"id":2580,"date":"2020-08-08T07:25:33","date_gmt":"2020-08-08T06:25:33","guid":{"rendered":"https:\/\/www.dftechnosolutions.com\/politica-sulla-riservatezza-ccpa\/"},"modified":"2020-08-08T07:44:23","modified_gmt":"2020-08-08T06:44:23","slug":"politica-sulla-riservatezza-ccpa","status":"publish","type":"page","link":"https:\/\/www.dftechnosolutions.com\/it\/politica-sulla-riservatezza-ccpa\/","title":{"rendered":"Politica sulla riservatezza CCPA"},"content":{"rendered":"\n<section class=\"section\">\n<div class=\"container\">\n<div class=\"css-1m8d6xb enb65s80\">\n<div class=\"css-10b08l3\" data-testid=\"document_text\">Ultimo aggiornamento: 17 luglio 2020<\/div>\n<div data-testid=\"document_text\">\u00a0<\/div>\n<div class=\"css-10b08l3\" data-testid=\"document_text\">DF Techno Solutions \u00e8 conforme al CCPA e considera i suoi principi di base nel modo in cui pensiamo alla fiducia dei clienti e alla privacy dei dati come pilastro fondamentale della nostra attivit\u00e0. Forniamo questa informativa sulla privacy specifica per CCPA per integrare le informazioni e le divulgazioni gi\u00e0 contenute nella nostra Informativa sulla privacy. Il presente avviso si applica alle persone residenti in California da cui raccogliamo informazioni personali.<\/div>\n<div data-testid=\"document_text\">\u00a0<\/div>\n<div class=\"css-10b08l3\" data-testid=\"document_text\">In breve, la nostra dichiarazione per i residenti in California \u00e8:<\/div>\n<div data-testid=\"document_text\">\u00a0<\/div>\n<h2 class=\"css-10b08l3\" data-testid=\"document_text\">Non vendiamo le tue informazioni personali.<\/h2>\n<div data-testid=\"document_text\">\u00a0<\/div>\n<div class=\"css-10b08l3\" data-testid=\"document_text\">Il grafico seguente delinea le categorie di informazioni personali (che sono definite dal CCPA, non da noi) che abbiamo raccolto e \/ o divulgato per scopi commerciali nei dodici mesi precedenti. Gli esempi di informazioni personali fornite per ciascuna categoria sono tratti dal CCPA e sono inclusi per aiutarti a capire cosa significano le categorie. Gli esempi non intendono indicare ci\u00f2 che effettivamente raccogliamo o divulghiamo e ulteriori informazioni sulle nostre pratiche specifiche sono disponibili nella nostra <a href=\"https:\/\/www.dftechnosolutions.com\/it\/politica-sulla-riservatezza\/\" target=\"_blank\" rel=\"noopener noreferrer\">Informativa sulla privacy<\/a>.<\/div>\n<div data-testid=\"document_text\">\u00a0<\/div>\n<div class=\"css-10b08l3\" data-testid=\"document_text\">\n<section class=\"section css-11utet8\">\n<div class=\"container\">\n<table class=\"table is-scrollable css-140sf5q is-fullwidth is-striped\" style=\"width: 100%;\">\n<thead>\n<tr>\n<th style=\"width: 63.6207%;\">Categoria<\/th>\n<th style=\"width: 10.5172%;\">Raccogliamo<\/th>\n<th style=\"width: 12.4138%;\">Divulghiamo<\/th>\n<th style=\"width: 6.03448%;\">Vendiamo<\/th>\n<\/tr>\n<\/thead>\n<tbody>\n<tr>\n<th style=\"width: 63.6207%;\">A. Dati personali<\/th>\n<td style=\"width: 10.5172%;\">S\u00ec<\/td>\n<td style=\"width: 12.4138%;\">S\u00ec<\/td>\n<td style=\"width: 6.03448%;\">No<\/td>\n<\/tr>\n<tr>\n<th style=\"width: 63.6207%;\">Esempi: nome, alias, indirizzo postale, identificatore personale univoco, identificatore online, indirizzo del protocollo Internet, indirizzo email, nome dell&#8217;account, numero di previdenza sociale, numero di patente di guida, numero di passaporto o altri identificatori simili.<\/th>\n<td style=\"width: 10.5172%;\">\u00a0<\/td>\n<td style=\"width: 12.4138%;\">\u00a0<\/td>\n<td style=\"width: 6.03448%;\">\u00a0<\/td>\n<\/tr>\n<tr>\n<th style=\"width: 63.6207%;\">B. Categorie di Dati Personali indicati nel Codice Civ. Californiano\u00a0 1798.80(e)<\/th>\n<td style=\"width: 10.5172%;\">S\u00ec<\/td>\n<td style=\"width: 12.4138%;\">S\u00ec<\/td>\n<td style=\"width: 6.03448%;\">No<\/td>\n<\/tr>\n<tr>\n<th style=\"width: 63.6207%;\">Esempi: nome, firma, numero di previdenza sociale, caratteristiche fisiche o descrizione, indirizzo, numero di telefono, numero di passaporto, numero di patente di guida o carta d&#8217;identit\u00e0 statale, numero di polizza assicurativa, istruzione, impiego, storia lavorativa, numero di conto bancario, numero di carta di credito, numero di carta di debito o altre informazioni finanziarie, informazioni mediche o informazioni sull&#8217;assicurazione sanitaria.<\/th>\n<td style=\"width: 10.5172%;\">\u00a0<\/td>\n<td style=\"width: 12.4138%;\">\u00a0<\/td>\n<td style=\"width: 6.03448%;\">\u00a0<\/td>\n<\/tr>\n<tr>\n<th style=\"width: 63.6207%;\">C. Dati Personali Sensibili per la legge federale o della California<\/th>\n<td style=\"width: 10.5172%;\">No<\/td>\n<td style=\"width: 12.4138%;\">N.D.<\/td>\n<td style=\"width: 6.03448%;\">N.D.<\/td>\n<\/tr>\n<tr>\n<th style=\"width: 63.6207%;\">Esempi: razza o colore, discendenza o origine nazionale, religione o credo, et\u00e0 (oltre i 40 anni), disabilit\u00e0 mentale o fisica, sesso (inclusi sesso e gravidanza, parto, allattamento al seno o condizioni mediche correlate), orientamento sessuale, identit\u00e0 o espressione di genere, condizione medica, informazioni genetiche, stato civile, stato militare e di veterano.<\/th>\n<td style=\"width: 10.5172%;\">\u00a0<\/td>\n<td style=\"width: 12.4138%;\">\u00a0<\/td>\n<td style=\"width: 6.03448%;\">\u00a0<\/td>\n<\/tr>\n<tr>\n<th style=\"width: 63.6207%;\">D. Informazioni commerciali<\/th>\n<td style=\"width: 10.5172%;\">S\u00ec<\/td>\n<td style=\"width: 12.4138%;\">S\u00ec<\/td>\n<td style=\"width: 6.03448%;\">No<\/td>\n<\/tr>\n<tr>\n<th style=\"width: 63.6207%;\">Esempi: registrazioni di propriet\u00e0 personali, prodotti o servizi acquistati, ottenuti o considerati o altre storie o tendenze di acquisto o consumo.<\/th>\n<td style=\"width: 10.5172%;\">\u00a0<\/td>\n<td style=\"width: 12.4138%;\">\u00a0<\/td>\n<td style=\"width: 6.03448%;\">\u00a0<\/td>\n<\/tr>\n<tr>\n<th style=\"width: 63.6207%;\">E. Informazioni biometriche<\/th>\n<td style=\"width: 10.5172%;\">No<\/td>\n<td style=\"width: 12.4138%;\">N.D.<\/td>\n<td style=\"width: 6.03448%;\">N.D.<\/td>\n<\/tr>\n<tr>\n<th style=\"width: 63.6207%;\">Esempi: caratteristiche fisiologiche, biologiche o comportamentali, incluso il DNA, che possono essere utilizzate, singolarmente o in combinazione tra loro o con altri dati identificativi, per stabilire l&#8217;identit\u00e0 individuale, come immagini dell&#8217;iride, della retina, dell&#8217;impronta digitale, del viso, della mano , palmo, schemi delle vene e registrazioni vocali, da cui \u00e8 possibile estrarre un modello di identificazione, come un&#8217;impronta del viso, un modello di minuzie o un&#8217;impronta vocale, e schemi o ritmi di battitura, schemi o ritmi dell&#8217;andatura e sonno, salute o dati di esercizio che contengono informazioni di identificazione.<\/th>\n<td style=\"width: 10.5172%;\">\u00a0<\/td>\n<td style=\"width: 12.4138%;\">\u00a0<\/td>\n<td style=\"width: 6.03448%;\">\u00a0<\/td>\n<\/tr>\n<tr>\n<th style=\"width: 63.6207%;\">F. Informazioni su attivit\u00e0 Internet o su altre reti tecnologiche<\/th>\n<td style=\"width: 10.5172%;\">S\u00ec<\/td>\n<td style=\"width: 12.4138%;\">S\u00ec<\/td>\n<td style=\"width: 6.03448%;\">No<\/td>\n<\/tr>\n<tr>\n<th style=\"width: 63.6207%;\">Esempi: cronologia di navigazione, cronologia delle ricerche e informazioni riguardanti l&#8217;interazione di un consumatore con un sito web, un&#8217;applicazione o una pubblicit\u00e0 Internet.<\/th>\n<td style=\"width: 10.5172%;\">\u00a0<\/td>\n<td style=\"width: 12.4138%;\">\u00a0<\/td>\n<td style=\"width: 6.03448%;\">\u00a0<\/td>\n<\/tr>\n<tr>\n<th style=\"width: 63.6207%;\">\u00a0<\/th>\n<td style=\"width: 10.5172%;\">\u00a0<\/td>\n<td style=\"width: 12.4138%;\">\u00a0<\/td>\n<td style=\"width: 6.03448%;\">\u00a0<\/td>\n<\/tr>\n<\/tbody>\n<\/table>\n<\/div>\n<\/section>\n<section class=\"section css-11utet8\">\n<div class=\"container\">\n<table class=\"table is-scrollable css-140sf5q is-fullwidth is-striped\" style=\"width: 97.5862%;\">\n<thead>\n<tr>\n<th style=\"width: 66.2544%;\">Categoria<\/th>\n<th style=\"width: 11.4841%;\">Raccogliamo<\/th>\n<th style=\"width: 13.2509%;\">Divulghiamo<\/th>\n<th style=\"width: 6.89046%;\">Vendiamo<\/th>\n<\/tr>\n<\/thead>\n<tbody>\n<tr>\n<th style=\"width: 66.2544%;\">G. Dati Geolocalizzati<\/th>\n<td style=\"width: 11.4841%;\">\u00a0<\/td>\n<td style=\"width: 13.2509%;\">N.D.<\/td>\n<td style=\"width: 6.89046%;\">N.D.<\/td>\n<\/tr>\n<tr>\n<th style=\"width: 66.2544%;\">Esempio: Posizione fisica esatta.<\/th>\n<td style=\"width: 11.4841%;\">\u00a0<\/td>\n<td style=\"width: 13.2509%;\">\u00a0<\/td>\n<td style=\"width: 6.89046%;\">\u00a0<\/td>\n<\/tr>\n<tr>\n<th style=\"width: 66.2544%;\">H. Informazione sensoriale<\/th>\n<td style=\"width: 11.4841%;\">No<\/td>\n<td style=\"width: 13.2509%;\">N.D.<\/td>\n<td style=\"width: 6.89046%;\">N.D.<\/td>\n<\/tr>\n<tr>\n<th style=\"width: 66.2544%;\">Esempi: informazioni audio, elettroniche, visive, termiche, olfattive o simili.<\/th>\n<td style=\"width: 11.4841%;\">\u00a0<\/td>\n<td style=\"width: 13.2509%;\">\u00a0<\/td>\n<td style=\"width: 6.89046%;\">\u00a0<\/td>\n<\/tr>\n<tr>\n<th style=\"width: 66.2544%;\">I. Informazioni professionali o relative all&#8217;impiego<\/th>\n<td style=\"width: 11.4841%;\">S\u00ec<\/td>\n<td style=\"width: 13.2509%;\">S\u00ec<\/td>\n<td style=\"width: 6.89046%;\">No<\/td>\n<\/tr>\n<tr>\n<th style=\"width: 66.2544%;\">Esempi: domanda di lavoro o informazioni sul curriculum, cronologia lavorativa passata e attuale e informazioni sulle prestazioni lavorative.<\/th>\n<td style=\"width: 11.4841%;\">\u00a0<\/td>\n<td style=\"width: 13.2509%;\">\u00a0<\/td>\n<td style=\"width: 6.89046%;\">\u00a0<\/td>\n<\/tr>\n<tr>\n<th style=\"width: 66.2544%;\">J. Informazioni sull&#8217;istruzione non pubblica (come definite in 20 U.S.C. 1232g; 34 C.F.R. Parte 99)<\/th>\n<td style=\"width: 11.4841%;\">No<\/td>\n<td style=\"width: 13.2509%;\">N.D.<\/td>\n<td style=\"width: 6.89046%;\">N.D.<\/td>\n<\/tr>\n<tr>\n<th style=\"width: 66.2544%;\">Esempi: documenti che sono direttamente correlati a uno studente conservati da un&#8217;agenzia o istituzione educativa o da una parte che agisce per l&#8217;agenzia o istituzione.<\/th>\n<td style=\"width: 11.4841%;\">\u00a0<\/td>\n<td style=\"width: 13.2509%;\">\u00a0<\/td>\n<td style=\"width: 6.89046%;\">\u00a0<\/td>\n<\/tr>\n<tr>\n<th style=\"width: 66.2544%;\">K. Inferenze tratte da informazioni personali<\/th>\n<td style=\"width: 11.4841%;\">S\u00ec<\/td>\n<td style=\"width: 13.2509%;\">S\u00ec<\/td>\n<td style=\"width: 6.89046%;\">S\u00ec<\/td>\n<\/tr>\n<tr>\n<th style=\"width: 66.2544%;\">Esempi: profili dei consumatori che riflettono le preferenze, le caratteristiche, le tendenze psicologiche, le preferenze, le predisposizioni, il comportamento, gli atteggiamenti, l&#8217;intelligenza, le capacit\u00e0 e le attitudini di un consumatore.<\/th>\n<td style=\"width: 11.4841%;\">\u00a0<\/td>\n<td style=\"width: 13.2509%;\">\u00a0<\/td>\n<td style=\"width: 6.89046%;\">\u00a0<\/td>\n<\/tr>\n<tr>\n<th style=\"width: 66.2544%;\">\u00a0<\/th>\n<td style=\"width: 11.4841%;\">\u00a0<\/td>\n<td style=\"width: 13.2509%;\">\u00a0<\/td>\n<td style=\"width: 6.89046%;\">\u00a0<\/td>\n<\/tr>\n<tr>\n<th style=\"width: 66.2544%;\">\u00a0<\/th>\n<td style=\"width: 11.4841%;\">\u00a0<\/td>\n<td style=\"width: 13.2509%;\">\u00a0<\/td>\n<td style=\"width: 6.89046%;\">\u00a0<\/td>\n<\/tr>\n<tr>\n<th style=\"width: 66.2544%;\">\u00a0<\/th>\n<td style=\"width: 11.4841%;\">\u00a0<\/td>\n<td style=\"width: 13.2509%;\">\u00a0<\/td>\n<td style=\"width: 6.89046%;\">\u00a0<\/td>\n<\/tr>\n<\/tbody>\n<\/table>\n<\/div>\n<\/section>\n<section class=\"section\">\n<div class=\"container\">\n<div class=\"css-1m8d6xb enb65s80\">\n<div class=\"css-10b08l3\" data-testid=\"document_text\">\n<h3>Utilizzo delle informazioni personali<\/h3>\nIl CCPA definisce vari scopi aziendali e commerciali per la raccolta, l&#8217;utilizzo e la divulgazione delle informazioni personali. Sebbene raccogliamo, utilizziamo e divulghiamo le informazioni personali ai sensi della nostra <a href=\"https:\/\/www.dftechnosolutions.com\/it\/politica-sulla-riservatezza\/\" target=\"_blank\" rel=\"noopener noreferrer\">Informativa sulla privacy<\/a> nel suo insieme, desideriamo chiarire che ci\u00f2 include le informazioni personali in conformit\u00e0 con gli specifici scopi commerciali e commerciali del CCPA elencati di seguito:<\/div>\n<div data-testid=\"document_text\">\u00a0<\/div>\n<div class=\"css-10b08l3\" data-testid=\"document_text\">\n<ol>\n<li>Controllo relativo a un&#8217;interazione corrente con l&#8217;utente e transazioni simultanee, incluso, ma non limitato a, controllo della conformit\u00e0 a questa specifica e ad altri standard.<\/li>\n<li>Rilevare incidenti di sicurezza, proteggere da attivit\u00e0 dannose, ingannevoli, fraudolente o illegali e perseguire i responsabili di tale attivit\u00e0.<\/li>\n<li>Debug per identificare e riparare gli errori che compromettono la funzionalit\u00e0 prevista esistente.<\/li>\n<li>Uso transitorio a breve termine.<\/li>\n<li>Contrattare con i fornitori di servizi per eseguire servizi per nostro conto, inclusi il mantenimento o la manutenzione degli account, la fornitura di assistenza clienti, l&#8217;elaborazione o l&#8217;adempimento di ordini e transazioni, la verifica delle informazioni sui clienti, l&#8217;elaborazione dei pagamenti, la fornitura di servizi pubblicitari o di marketing, la fornitura di servizi di analisi o la fornitura di servizi simili su per conto dell&#8217;azienda o del fornitore di servizi.<\/li>\n<li>Intraprendere ricerche interne per lo sviluppo tecnologico e la dimostrazione.<\/li>\n<li>Intraprendere attivit\u00e0 per verificare o mantenere la qualit\u00e0 o la sicurezza dei nostri servizi e per migliorare, aggiornare o migliorare i nostri servizi.<\/li>\n<li>In caso contrario, consentire o influenzare, direttamente o indirettamente, una transazione commerciale.<\/li>\n<li>Per altri scopi per i quali forniamo specifico avviso al momento della raccolta delle informazioni.<\/li>\n<\/ol>\n<h3>Raccolta e divulgazione di informazioni personali<\/h3>\nNei dodici mesi precedenti dall&#8217;ultimo aggiornamento di questo avviso, abbiamo raccolto informazioni personali da fonti generali, te incluso, il tuo utilizzo dei nostri servizi, i tuoi dispositivi, i nostri affiliati, i nostri fornitori e i nostri fornitori di servizi. Informazioni pi\u00f9 specifiche sulle informazioni personali che raccogliamo sono contenute in questo avviso e nella nostra <a href=\"https:\/\/www.dftechnosolutions.com\/it\/politica-sulla-riservatezza\/\" target=\"_blank\" rel=\"noopener noreferrer\">Informativa sulla privacy<\/a>, che aggiorniamo di tanto in tanto. Come spiegato anche nella nostra Informativa sulla privacy, condividiamo le tue informazioni personali con le seguenti categorie di terze parti CCPA:<\/div>\n<div data-testid=\"document_text\">\u00a0<\/div>\n<div class=\"css-10b08l3\" data-testid=\"document_text\">\n<ol>\n<li>Affiliati.<\/li>\n<li>Fornitori e fornitori di servizi, anche per eseguire analisi dei dati e marketing e pubblicizzare i nostri prodotti e servizi all&#8217;utente.<\/li>\n<li>Terze parti integrate nei nostri servizi.<\/li>\n<li>Terze parti come previsto dalla legge e comunicazioni simili.<\/li>\n<li>Terze parti in relazione a una fusione, vendita o trasferimento di beni.<\/li>\n<li>Altre terze parti per le quali abbiamo ottenuto il permesso di divulgare le tue informazioni personali.<\/li>\n<\/ol>\n<h3>I tuoi diritti sulla privacy in California<\/h3>\nSe risiedi in California, puoi esercitare i diritti riportati di seguito:<\/div>\n<div data-testid=\"document_text\">\u00a0<\/div>\n<div class=\"css-10b08l3\" data-testid=\"document_text\"><strong>Diritto alla conoscenza e all&#8217;accesso<\/strong>. \u00c8 possibile inviare una richiesta verificabile di informazioni in merito a: (1) categorie di Informazioni personali raccolte o divulgate da noi; (2) finalit\u00e0 per le quali le categorie di dati personali vengono raccolte da noi; (3) categorie di fonti da cui raccogliamo informazioni personali; e (4) parti specifiche di informazioni personali che abbiamo raccolto su di te negli ultimi dodici mesi.<\/div>\n<div data-testid=\"document_text\">\u00a0<\/div>\n<div class=\"css-10b08l3\" data-testid=\"document_text\"><strong>Diritto di cancellazione<\/strong>. Fatte salve alcune eccezioni, hai la possibilit\u00e0 di eliminare le informazioni personali su di te che abbiamo raccolto da te.<\/div>\n<div data-testid=\"document_text\">\u00a0<\/div>\n<div class=\"css-10b08l3\" data-testid=\"document_text\"><strong>Verifica<\/strong>. Le richieste di accesso o cancellazione delle Informazioni personali sono soggette alla nostra capacit\u00e0 di verificare ragionevolmente la tua identit\u00e0 alla luce delle informazioni richieste e in conformit\u00e0 ai requisiti, alle limitazioni e ai regolamenti CCPA pertinenti.<\/div>\n<div data-testid=\"document_text\">\u00a0<\/div>\n<div class=\"css-10b08l3\" data-testid=\"document_text\"><strong>Diritto alla parit\u00e0 di servizio e prezzo<\/strong>. Hai il diritto di non ricevere trattamenti discriminatori per l&#8217;esercizio dei tuoi diritti alla privacy CCPA, soggetti a determinate limitazioni.<\/div>\n<div data-testid=\"document_text\">\u00a0<\/div>\n<div class=\"css-10b08l3\" data-testid=\"document_text\"><strong>Patti chiari<\/strong>. Non affittiamo, vendiamo o condividiamo le vostre informazioni personali con societ\u00e0 non affiliate per i loro scopi di marketing diretto a meno che non abbiamo il vostro permesso.<\/div>\n<div data-testid=\"document_text\">\u00a0<\/div>\n<div class=\"css-10b08l3\" data-testid=\"document_text\"><strong>Invio di richieste<\/strong>. Per esercitare i tuoi diritti ai sensi del CCPA, puoi disattivare ed eliminare il tuo account nella tua pagina Strumenti per la privacy (<a href=\"https:\/\/www.dftechnosolutions.com\/it\/strumenti-per-la-privacy\/\" target=\"_blank\" rel=\"noopener noreferrer\">https:\/\/www.dftechnosolutions.com\/it\/strumenti-per-la-privacy\/<\/a>). Per altre richieste o per autorizzare un agente a fare una richiesta per tuo conto, puoi anche contattarci all&#8217;indirizzo privacy@dftechnosolutions.com.\n<h3>Contatti per informazioni<\/h3>\nIn caso di domande, commenti o dubbi sulle nostre attivit\u00e0 di elaborazione o se si desidera esercitare i propri diritti alla privacy, inviare un&#8217;e-mail all&#8217;indirizzo privacy@dftechnosolutions.com o visitare questa pagina sul nostro sito Web: <a href=\"https:\/\/www.dftechnosolutions.com\/it\/contatti\/\" target=\"_blank\" rel=\"noopener noreferrer\">https:\/\/www.dftechnosolutions. com\/it\/contatti\/<\/a><\/div>\n<\/div>\n<\/div>\n<\/section>\n<\/div>\n<\/div>\n<\/div>\n<\/section>\n","protected":false},"excerpt":{"rendered":"<p>Ultimo aggiornamento: 17 luglio 2020 \u00a0 DF Techno Solutions \u00e8 conforme al CCPA e considera i suoi principi di base nel modo in cui pensiamo alla fiducia dei clienti e alla privacy dei dati come pilastro fondamentale della nostra attivit\u00e0. Forniamo questa informativa sulla privacy specifica per CCPA per integrare le informazioni e le divulgazioni [&hellip;]<\/p>\n","protected":false},"author":1,"featured_media":0,"parent":0,"menu_order":0,"comment_status":"closed","ping_status":"closed","template":"","meta":{"_genesis_hide_title":false,"_genesis_hide_breadcrumbs":false,"_genesis_hide_singular_image":false,"_genesis_hide_footer_widgets":false,"_genesis_custom_body_class":"","_genesis_custom_post_class":"","_genesis_layout":"","footnotes":""},"_links":{"self":[{"href":"https:\/\/www.dftechnosolutions.com\/it\/wp-json\/wp\/v2\/pages\/2580"}],"collection":[{"href":"https:\/\/www.dftechnosolutions.com\/it\/wp-json\/wp\/v2\/pages"}],"about":[{"href":"https:\/\/www.dftechnosolutions.com\/it\/wp-json\/wp\/v2\/types\/page"}],"author":[{"embeddable":true,"href":"https:\/\/www.dftechnosolutions.com\/it\/wp-json\/wp\/v2\/users\/1"}],"replies":[{"embeddable":true,"href":"https:\/\/www.dftechnosolutions.com\/it\/wp-json\/wp\/v2\/comments?post=2580"}],"version-history":[{"count":11,"href":"https:\/\/www.dftechnosolutions.com\/it\/wp-json\/wp\/v2\/pages\/2580\/revisions"}],"predecessor-version":[{"id":2592,"href":"https:\/\/www.dftechnosolutions.com\/it\/wp-json\/wp\/v2\/pages\/2580\/revisions\/2592"}],"wp:attachment":[{"href":"https:\/\/www.dftechnosolutions.com\/it\/wp-json\/wp\/v2\/media?parent=2580"}],"curies":[{"name":"wp","href":"https:\/\/api.w.org\/{rel}","templated":true}]}}